{"id":66,"date":"2022-12-06T08:17:14","date_gmt":"2022-12-06T08:17:14","guid":{"rendered":"http:\/\/www.kjellerup-esport.dk\/?page_id=66"},"modified":"2023-10-24T20:13:51","modified_gmt":"2023-10-24T20:13:51","slug":"info-til-foraeldre","status":"publish","type":"page","link":"http:\/\/www.kjellerup-esport.dk\/index.php\/om-os\/info-til-foraeldre\/","title":{"rendered":"INFO TIL FOR\u00c6LDRE"},"content":{"rendered":"\n<h3 class=\"wp-block-heading\"><strong>Hvad er Esport?<\/strong><\/h3>\n\n\n\n<p>Begrebet esport stammer fra &#8220;Electronic Sport&#8221; og refererer til konkurrence inden for computerspil. Normalt omtales velorganiserede konkurrencer p\u00e5 avanceret niveau som esport.<\/p>\n\n\n\n<p>En afg\u00f8rende komponent i esportskulturen er det fysiske m\u00f8de til konkurrencer. Disse konkurrencer afholdes typisk i store lokaler eller p\u00e5 stadioner. If\u00f8lge den professionelle esportsspiller Mike Petersen, som udtalte sig i en artikel i Politiken med titlen &#8220;Spiln\u00f8rder er de nye folkehelte&#8221; i oktober 2014 (se kilder), sagde han:<\/p>\n\n\n\n<p>&#8220;I begyndelsen spillede vi &#8216;professionelt&#8217; gennem onlineturneringer, men det er slet ikke det samme. Vejen fremad indeb\u00e6rer at spille ansigt til ansigt, som vi g\u00f8r nu. Det er afg\u00f8rende at kunne m\u00f8de fansene personligt. Det ville blive virkelig ensformigt, hvis man blot sad derhjemme og spillede.&#8221;<\/p>\n\n\n\n<h3 class=\"wp-block-heading\"><strong>Hvorfor Kjellerup Esport?<\/strong><\/h3>\n\n\n\n<p>Hvorfor skal du tillade dit barn at engagere sig i esport i vores forening? Fordi det simpelthen er det, de finder fascinerende. Esport er nu en integreret del af undervisningen p\u00e5 adskillige folkeskoler, gymnasier og is\u00e6r efterskoler i dagens Danmark. Dette giver mulighed for at dyrke deres lidenskab for spil og samtidig fuldf\u00f8re deres uddannelse.<\/p>\n\n\n\n<p>I Kjellerup Esport str\u00e6ber vi ikke kun efter at tilbyde kompetent undervisning i flere popul\u00e6re spil, men vi l\u00e6gger ogs\u00e5 v\u00e6gt p\u00e5 sundhed og ern\u00e6ring. Mange for\u00e6ldre er uvidende om esport som helhed og f\u00f8ler ofte, at deres b\u00f8rn tilbringer for meget tid foran computersk\u00e6rmen. Dog ligger udfordringen med b\u00f8rns computerspil ikke s\u00e5 meget i antallet af timer foran sk\u00e6rmen, men derimod i for\u00e6ldrenes bekymring over noget, de ikke helt forst\u00e5r og derfor f\u00f8ler sig usikre ved. Faktisk er det dokumenteret, at computerspil fremmer l\u00e6ring og udvikler kompetencer som strategisk t\u00e6nkning, kreativitet, samarbejdsevner og nyskabelse.<\/p>\n\n\n\n<p>Ydermere prioriterer vi det sociale aspekt ved at spille som en del af et hold og v\u00e6re en aktiv del af en forening med dens fordele og ansvarsomr\u00e5der.<\/p>\n\n\n\n<h3 class=\"wp-block-heading\"><strong>Vores holdning<\/strong><\/h3>\n\n\n\n<p>Vi er blevet gentagne gange bedt om at give vores perspektiv p\u00e5 situationen, hvor 10-13-\u00e5rige engagerer sig i at spille Counter-Strike. En del for\u00e6ldre mener, at det kan v\u00e6re skadeligt for b\u00f8rn at deltage i skydespil, der indeholder grafisk vold og blod. I Kjellerup Esport deler vi ikke n\u00f8dvendigvis samme holdning, men vi kan anerkende begrundelsen bag denne opfattelse, s\u00e6rligt hvis det involverer, at b\u00f8rnene spiller alene derhjemme uden tilsyn. Hos Kjellerup Esport tager vi ansvar for at sikre, at vores medlemmer udvikler en sund forst\u00e5else for spillet, og vi instruerer dem i at h\u00e5ndtere de aspekter, der udfolder sig p\u00e5 sk\u00e6rmen.<\/p>\n\n\n\n<hr class=\"wp-block-separator has-alpha-channel-opacity\"\/>\n\n\n\n<h3 class=\"wp-block-heading\"><strong>Alkohol og rusmidler<\/strong><\/h3>\n\n\n\n<p>Vi tager stor afstand fra alkohol og andre rusmidler, og det er ikke tilladt p\u00e5 nogen m\u00e5de at medbringe eller nyde hverken alkohol eller andre rusmidler. Dette g\u00e6lder naturligvis ogs\u00e5 uden for vores undervisningslokaler. Overholdes dette ikke, er det grund til bortvisning.<\/p>\n\n\n\n<h3 class=\"wp-block-heading\"><strong>Trygge rammer<\/strong><\/h3>\n\n\n\n<p>I Kjellerup Esport henter vi b\u00f8rneattester fra alle vores instrukt\u00f8rer og de bestyrelsesmedlemmer, der har med jeres b\u00f8rn at g\u00f8re. P\u00e5 denne m\u00e5de sikrer vi en ren omgangskreds, og vi s\u00f8rger for, at jeres b\u00f8rn er i trygge h\u00e6nder hos Kjellerup Esport.<\/p>\n\n\n\n<h3 class=\"wp-block-heading\"><strong>Mobning<\/strong><\/h3>\n\n\n\n<p>Vi accepterer ingen form for mobning i foreningen. Vi har NUL tolerance, n\u00e5r det g\u00e6lder mobning, og de implicerede vil blive bortvist fra deres hold, hvis instrukt\u00f8ren bliver opm\u00e6rksom p\u00e5, at der er et problem.<\/p>\n","protected":false},"excerpt":{"rendered":"<p>Hvad er Esport? Begrebet esport stammer fra &#8220;Electronic Sport&#8221; og refererer til konkurrence inden for computerspil. Normalt omtales velorganiserede konkurrencer p\u00e5 avanceret niveau som esport. En afg\u00f8rende komponent i esportskulturen er det fysiske m\u00f8de til konkurrencer. Disse konkurrencer afholdes typisk i store lokaler eller p\u00e5 stadioner. If\u00f8lge den professionelle esportsspiller Mike Petersen, som udtalte sig&#8230;<\/p>\n","protected":false},"author":1,"featured_media":0,"parent":26,"menu_order":3,"comment_status":"closed","ping_status":"closed","template":"","meta":{"footnotes":""},"class_list":["post-66","page","type-page","status-publish","hentry"],"_links":{"self":[{"href":"http:\/\/www.kjellerup-esport.dk\/index.php\/wp-json\/wp\/v2\/pages\/66","targetHints":{"allow":["GET"]}}],"collection":[{"href":"http:\/\/www.kjellerup-esport.dk\/index.php\/wp-json\/wp\/v2\/pages"}],"about":[{"href":"http:\/\/www.kjellerup-esport.dk\/index.php\/wp-json\/wp\/v2\/types\/page"}],"author":[{"embeddable":true,"href":"http:\/\/www.kjellerup-esport.dk\/index.php\/wp-json\/wp\/v2\/users\/1"}],"replies":[{"embeddable":true,"href":"http:\/\/www.kjellerup-esport.dk\/index.php\/wp-json\/wp\/v2\/comments?post=66"}],"version-history":[{"count":6,"href":"http:\/\/www.kjellerup-esport.dk\/index.php\/wp-json\/wp\/v2\/pages\/66\/revisions"}],"predecessor-version":[{"id":276,"href":"http:\/\/www.kjellerup-esport.dk\/index.php\/wp-json\/wp\/v2\/pages\/66\/revisions\/276"}],"up":[{"embeddable":true,"href":"http:\/\/www.kjellerup-esport.dk\/index.php\/wp-json\/wp\/v2\/pages\/26"}],"wp:attachment":[{"href":"http:\/\/www.kjellerup-esport.dk\/index.php\/wp-json\/wp\/v2\/media?parent=66"}],"curies":[{"name":"wp","href":"https:\/\/api.w.org\/{rel}","templated":true}]}}