{"id":659,"date":"2026-03-17T19:09:21","date_gmt":"2026-03-17T19:09:21","guid":{"rendered":"http:\/\/www.kjellerup-esport.dk\/?page_id=659"},"modified":"2026-05-12T12:19:50","modified_gmt":"2026-05-12T12:19:50","slug":"lan","status":"publish","type":"page","link":"http:\/\/www.kjellerup-esport.dk\/index.php\/lan\/","title":{"rendered":"LAN"},"content":{"rendered":"\n<p>S\u00e5 er vi igen klar til LAN hos Kjellerup eSport. Tag dine venner med til LAN og f\u00e5 en fed oplevelse med alle jeres yndlings spil og deltag i sjove konkurrencer.<\/p>\n\n\n\n<p>Her kan du l\u00e6se mere om hvor, hvorn\u00e5r og hvordan. R\u00e6k endelig ud til os hvis der er sp\u00f8rgsm\u00e5l, vi sidder klar til at hj\u00e6lpe p\u00e5 Discord, Facebook og email.<\/p>\n\n\n\n<details class=\"wp-block-details is-layout-flow wp-block-details-is-layout-flow\"><summary><strong>Hvor afholdes LAN &#8211;&gt;<\/strong><\/summary>\n<p>OBS: Vi har flyttet vores event til Arena Midt.<\/p>\n\n\n\n<p>Vi afholder LAN i &#8220;Scene&#8221; lokalet i Arena Midt, Kjellerup.<\/p>\n\n\n\n<p>Adressen er Hasselvej 15, 8620 Kjellerup.<\/p>\n<\/details>\n\n\n\n<details class=\"wp-block-details is-layout-flow wp-block-details-is-layout-flow\"><summary><strong>Hvorn\u00e5r afholdes LAN &#8211;&gt;<\/strong><\/summary>\n<p>L\u00f8rdag 30\/5 kl. 10.00 til S\u00f8ndag 31\/5 kl. 10.00.<\/p>\n\n\n\n<p>OBS: Det er ikke muligt at komme ind f\u00f8r l\u00f8rdag 30\/5 kl. 10.<\/p>\n\n\n\n<p>Str\u00f8mmen slukkes kl. 10.00 s\u00f8ndag formiddag.<\/p>\n<\/details>\n\n\n\n<details class=\"wp-block-details is-layout-flow wp-block-details-is-layout-flow\"><summary><strong>Billet og pris &#8211;&gt;<\/strong><\/summary>\n<p>Billetter kan k\u00f8bes her: <\/p>\n\n\n\n<p><a href=\"https:\/\/www.billetsalg.dk\/Event\/Esport%20LAN%20-%20Kjellerup%20skolehal\/10652\">https:\/\/www.billetsalg.dk\/Event\/Esport%20LAN%20-%20Kjellerup%20skolehal\/10652<\/a><\/p>\n\n\n\n<p>Vi tilbyder to billet typer. Link til billetsalg kommer asap.<\/p>\n\n\n\n<p><strong>Deltager + morgenmad &#8211; 175kr:<\/strong><\/p>\n\n\n\n<p>Inkluderer 1 stk. plads til LAN samt morgenmad s\u00f8ndag morgen. <\/p>\n\n\n\n<p><strong>Deltager + morgenmad + leje af pc &#8211; 325kr:<\/strong><\/p>\n\n\n\n<p>Inkluderer 1 stk. plads til LAN samt morgenmad s\u00f8ndag morgen. Hvis du ikke har egen PC, s\u00e5 har du her muligheden for at leje en PC gennem eSport klubben. Computeren bliver stillet op for dig til eventet, du skal intet g\u00f8re. Du skal dog stadig selv s\u00f8rge for accounts til de spil du vil spille. Se specs herunder.<\/p>\n\n\n\n<p>Leje PC har f\u00f8lgende specs:<\/p>\n\n\n\n<p>Intel I5 CPU, 16GB RAM, Nvidia RTX 4060 grafikkort, NVME disk og 24&#8243; IPS 144-175HZ sk\u00e6rm. Mus, headset og tastatur fra Logitech.<\/p>\n<\/details>\n\n\n\n<details class=\"wp-block-details is-layout-flow wp-block-details-is-layout-flow\"><summary><strong>Internet &#8211;&gt;<\/strong><\/summary>\n<p>Vi har 1000\/1000 fiber internet. <\/p>\n\n\n\n<p>Medbring dit eget lan kabel p\u00e5 mindst 10 meter. Hver deltager f\u00e5r 1 LAN stik til r\u00e5dighed.<\/p>\n<\/details>\n\n\n\n<details class=\"wp-block-details is-layout-flow wp-block-details-is-layout-flow\"><summary><strong>PC \/ Konsol &#8211;&gt;<\/strong><\/summary>\n<p>Du m\u00e5 medbringe b\u00e5de computer og\/eller konsol. Der m\u00e5 dog kun tilsluttes 1 enhed ad gangen, da vi beregner en vis m\u00e6ngde str\u00f8m pr. deltager.<\/p>\n<\/details>\n\n\n\n<details class=\"wp-block-details is-layout-flow wp-block-details-is-layout-flow\"><summary><strong>Soveomr\u00e5de? &#8211;&gt;<\/strong><\/summary>\n<p>Vi indretter et sove omr\u00e5de, hvor der vil v\u00e6re opsyn hele d\u00f8gnet. Dog er det p\u00e5 eget ansvar at have v\u00e6rdigenstande liggende. Der skal altid v\u00e6re ro i soveomr\u00e5det, s\u00e5 dem der gerne vil sove, har muligheden.<\/p>\n<\/details>\n\n\n\n<details class=\"wp-block-details is-layout-flow wp-block-details-is-layout-flow\"><summary><strong>Hvad skal jeg medbringe for at deltage?<\/strong> <strong>&#8211;&gt;<\/strong><\/summary>\n<ul class=\"wp-block-list\">\n<li>Man skal k\u00f8be sin egen billet<\/li>\n\n\n\n<li>Man skal selv medbringe egen computer, og selv medbringe de spil man \u00f8nsker at spille<\/li>\n\n\n\n<li>Man skal kunne passe p\u00e5 sig selv og v\u00e6re selvhjulpen. Vi st\u00e5r dog altid klar til at hj\u00e6lpe deltagerne.<\/li>\n\n\n\n<li>Man skal v\u00e6re klar til en sjov oplevelse<\/li>\n\n\n\n<li>Klarg\u00f8r din computer eller konsol hjemmefra &#8211; f\u00e5 opdateret dine spil inden du kommer<\/li>\n\n\n\n<li>Se ev.t vores huskeliste &#8220;her&#8221; (kommer)<\/li>\n<\/ul>\n<\/details>\n\n\n\n<details class=\"wp-block-details is-layout-flow wp-block-details-is-layout-flow\"><summary><strong>Hvor gammel skal man v\u00e6re? &#8211;&gt;<\/strong><\/summary>\n<p>Der er ingen aldersgr\u00e6nse til vores event. Dog forventer vi, at alle deltagere kan tage vare p\u00e5 sig selv. Det g\u00e6lder b\u00e5de forplejning, opf\u00f8rsel og s\u00f8vn.<\/p>\n\n\n\n<p>Er du i tvivl om dit barn er gammel nok, eller er det f\u00f8rste gang han\/hun skal til LAN, s\u00e5 tilbyder vi for f\u00f8rste gang, at man m\u00e5 medbringe en for\u00e6ldre under hele eventet. Det er gratis og som for\u00e6ldre, m\u00e5 man ogs\u00e5 medbringe egen pc\/konsol og deltage sammen med dit barn. S\u00e5fremt du \u00f8nsker at deltage sammen med dit barn, vil vi meget gerne have besked p\u00e5 forh\u00e5nd.<\/p>\n\n\n\n<p>Giv besked til: info@kjellerup-esport.dk<\/p>\n\n\n\n<p><\/p>\n<\/details>\n\n\n\n<details class=\"wp-block-details is-layout-flow wp-block-details-is-layout-flow\"><summary><strong>Hvad skal vi spise? &#8211;&gt;<\/strong><\/summary>\n<p>Der serveres morgenmad til alle deltagere s\u00f8ndag morgen (rundstykker m. p\u00e5l\u00e6g og drikkelse), hvilket er inkluderet i billet prisen. Aftensmad, snacks osv. skal man selv st\u00e5 for. Da vores LAN afholdes ved Kjellerup skole, placeret i centrum af byen, er der rig mulighed for forplejning.<\/p>\n\n\n\n<p>Du m\u00e5 alts\u00e5 gerne medbringe mad og drikke til vores event.<\/p>\n<\/details>\n\n\n\n<details class=\"wp-block-details is-layout-flow wp-block-details-is-layout-flow\"><summary><strong>Hvad med alkohol, energidrik og rusmidler? &#8211;&gt;<\/strong><\/summary>\n<p>Der er 100% nultolerance overfor alkohol og rusmidler i enhver form. Registrerer vi at folk er\/kommer beruset eller p\u00e5virket af rusmidler, vil man blive bortvist med det samme. <\/p>\n\n\n\n<p>Det er tilladt at drikke energidrik, dog er det helt op til jer for\u00e6ldre, om jeres barn m\u00e5 dette eller ej. Vi f\u00f8rer ikke kontrol med indtag af energidrik.<\/p>\n<\/details>\n\n\n\n<details class=\"wp-block-details is-layout-flow wp-block-details-is-layout-flow\"><summary><strong>N\u00f8dkald og kontakt under LAN &#8211;&gt;<\/strong><\/summary>\n<p>Under hele eventet sidder de &#8220;voksne&#8221; klar p\u00e5 telefonen i tilf\u00e6lde af problemer. Det vil v\u00e6re tydeligt skiltet ved eventet, hvem du kan kontakte d\u00f8gnet rundt under event.<\/p>\n\n\n\n<p>N\u00e5r du bestiller en billet vil du samtidig blive bedt om at oplyse dit mobil nr, hvilket vil fungere som vores kontakt til dig. Skulle du have behov for en speciel aftale omkring kontakt, s\u00e5 tag endelig fat i os.<\/p>\n<\/details>\n\n\n\n<details class=\"wp-block-details is-layout-flow wp-block-details-is-layout-flow\"><summary><strong>Huskeliste (og det som ikke m\u00e5 komme med)<\/strong><\/summary>\n<p>Her er vores bedste bud p\u00e5 en huskeliste til LAN:<\/p>\n\n\n\n<ul class=\"wp-block-list\">\n<li>Computer eller konsol<\/li>\n\n\n\n<li>Diverse kabler, power kabel, lader til Mobil<\/li>\n\n\n\n<li>Stikd\u00e5se til eget behov<\/li>\n\n\n\n<li>Netv\u00e6rkskabel (RJ45) p\u00e5 mindst 10 m.<\/li>\n\n\n\n<li>Egen stol, hvis du ikke \u00f8nsker at bruge de opstillede stole<\/li>\n\n\n\n<li>Sk\u00e6rm (ikke TV)<\/li>\n\n\n\n<li>Rigeligt med snacks \ud83d\ude42<\/li>\n\n\n\n<li>En plan for aftensmad<\/li>\n\n\n\n<li>Madras, dyne og pude<\/li>\n\n\n\n<li>Tandb\u00f8rste<\/li>\n\n\n\n<li>&#8230;..sidst men ikke mindst, godt hum\u00f8r<\/li>\n<\/ul>\n\n\n\n<p>F\u00f8lgende er ikke tilladt at medbringe:<\/p>\n\n\n\n<p>Alkohol og rusmidler i enhver form<\/p>\n\n\n\n<p>br\u00f8drister, mini k\u00f8leskab, elkedel og lignende.<\/p>\n<\/details>\n\n\n\n<figure class=\"wp-block-image size-full\"><img loading=\"lazy\" decoding=\"async\" width=\"1376\" height=\"768\" src=\"http:\/\/www.kjellerup-esport.dk\/wp-content\/uploads\/2026\/03\/esport-LAN.jpg\" alt=\"\" class=\"wp-image-676\"\/><\/figure>\n","protected":false},"excerpt":{"rendered":"<p>S\u00e5 er vi igen klar til LAN hos Kjellerup eSport. Tag dine venner med til LAN og f\u00e5 en fed oplevelse med alle jeres yndlings spil og deltag i sjove konkurrencer. Her kan du l\u00e6se mere om hvor, hvorn\u00e5r og hvordan. R\u00e6k endelig ud til os hvis der er sp\u00f8rgsm\u00e5l, vi sidder klar til at&#8230;<\/p>\n","protected":false},"author":1,"featured_media":0,"parent":0,"menu_order":0,"comment_status":"closed","ping_status":"closed","template":"","meta":{"footnotes":""},"class_list":["post-659","page","type-page","status-publish","hentry"],"_links":{"self":[{"href":"http:\/\/www.kjellerup-esport.dk\/index.php\/wp-json\/wp\/v2\/pages\/659","targetHints":{"allow":["GET"]}}],"collection":[{"href":"http:\/\/www.kjellerup-esport.dk\/index.php\/wp-json\/wp\/v2\/pages"}],"about":[{"href":"http:\/\/www.kjellerup-esport.dk\/index.php\/wp-json\/wp\/v2\/types\/page"}],"author":[{"embeddable":true,"href":"http:\/\/www.kjellerup-esport.dk\/index.php\/wp-json\/wp\/v2\/users\/1"}],"replies":[{"embeddable":true,"href":"http:\/\/www.kjellerup-esport.dk\/index.php\/wp-json\/wp\/v2\/comments?post=659"}],"version-history":[{"count":16,"href":"http:\/\/www.kjellerup-esport.dk\/index.php\/wp-json\/wp\/v2\/pages\/659\/revisions"}],"predecessor-version":[{"id":686,"href":"http:\/\/www.kjellerup-esport.dk\/index.php\/wp-json\/wp\/v2\/pages\/659\/revisions\/686"}],"wp:attachment":[{"href":"http:\/\/www.kjellerup-esport.dk\/index.php\/wp-json\/wp\/v2\/media?parent=659"}],"curies":[{"name":"wp","href":"https:\/\/api.w.org\/{rel}","templated":true}]}}