{"id":600,"date":"2025-09-15T19:44:06","date_gmt":"2025-09-15T19:44:06","guid":{"rendered":"http:\/\/www.kjellerup-esport.dk\/?page_id=600"},"modified":"2025-09-15T19:53:50","modified_gmt":"2025-09-15T19:53:50","slug":"minecraft-2","status":"publish","type":"page","link":"http:\/\/www.kjellerup-esport.dk\/index.php\/minecraft-2\/","title":{"rendered":"MINECRAFT"},"content":{"rendered":"\n<div class=\"wp-block-media-text is-stacked-on-mobile\"><figure class=\"wp-block-media-text__media\"><img loading=\"lazy\" decoding=\"async\" width=\"1080\" height=\"1080\" src=\"http:\/\/www.kjellerup-esport.dk\/wp-content\/uploads\/2025\/09\/New-Project.png\" alt=\"\" class=\"wp-image-605 size-full\"\/><\/figure><div class=\"wp-block-media-text__content\">\n<p><strong>Christian, Adam og Wilhelm<\/strong> inviterer hver onsdag til Minecraft action. Der skal bygges, k\u00e6mpes, moddes og hygges i den fantastiske verden af firkanter. Hver uge er der sat ny &#8220;tr\u00e6ning&#8221; op s\u00e5 der <br><br><strong>Det er n\u00f8dvendigt<\/strong>, at man som spiller selvst\u00e6ndigt kan logge p\u00e5 og har en grundl\u00e6ggende forst\u00e5else for spillet. Er man helt ny eller ikke er vant til PC\/JAVA anbefaler vi at man starter p\u00e5 social holdet om mandagen, hvor der er fokus p\u00e5 at blive pc og spil kyndig i alt fra Roblox, Farming sim, CS, Fortninte og ikke mindst Minecraft!<br><\/p>\n<\/div><\/div>\n","protected":false},"excerpt":{"rendered":"<p>Christian, Adam og Wilhelm inviterer hver onsdag til Minecraft action. Der skal bygges, k\u00e6mpes, moddes og hygges i den fantastiske verden af firkanter. Hver uge er der sat ny &#8220;tr\u00e6ning&#8221; op s\u00e5 der Det er n\u00f8dvendigt, at man som spiller selvst\u00e6ndigt kan logge p\u00e5 og har en grundl\u00e6ggende forst\u00e5else for spillet. Er man helt ny&#8230;<\/p>\n","protected":false},"author":3,"featured_media":0,"parent":0,"menu_order":0,"comment_status":"closed","ping_status":"closed","template":"","meta":{"footnotes":""},"class_list":["post-600","page","type-page","status-publish","hentry"],"_links":{"self":[{"href":"http:\/\/www.kjellerup-esport.dk\/index.php\/wp-json\/wp\/v2\/pages\/600","targetHints":{"allow":["GET"]}}],"collection":[{"href":"http:\/\/www.kjellerup-esport.dk\/index.php\/wp-json\/wp\/v2\/pages"}],"about":[{"href":"http:\/\/www.kjellerup-esport.dk\/index.php\/wp-json\/wp\/v2\/types\/page"}],"author":[{"embeddable":true,"href":"http:\/\/www.kjellerup-esport.dk\/index.php\/wp-json\/wp\/v2\/users\/3"}],"replies":[{"embeddable":true,"href":"http:\/\/www.kjellerup-esport.dk\/index.php\/wp-json\/wp\/v2\/comments?post=600"}],"version-history":[{"count":4,"href":"http:\/\/www.kjellerup-esport.dk\/index.php\/wp-json\/wp\/v2\/pages\/600\/revisions"}],"predecessor-version":[{"id":607,"href":"http:\/\/www.kjellerup-esport.dk\/index.php\/wp-json\/wp\/v2\/pages\/600\/revisions\/607"}],"wp:attachment":[{"href":"http:\/\/www.kjellerup-esport.dk\/index.php\/wp-json\/wp\/v2\/media?parent=600"}],"curies":[{"name":"wp","href":"https:\/\/api.w.org\/{rel}","templated":true}]}}