{"id":535,"date":"2024-07-02T21:36:26","date_gmt":"2024-07-02T21:36:26","guid":{"rendered":"http:\/\/www.kjellerup-esport.dk\/?page_id=535"},"modified":"2025-05-21T19:17:21","modified_gmt":"2025-05-21T19:17:21","slug":"spil-sammen","status":"publish","type":"page","link":"http:\/\/www.kjellerup-esport.dk\/index.php\/spil-sammen\/","title":{"rendered":"SPIL SAMMEN"},"content":{"rendered":"\n<p>Gaming handler om at spille sammen. Derfor hoster vi en r\u00e6kke spil servere med det form\u00e5l, at f\u00e5 jer til at spille sammen. Vi vil gerne bygge et f\u00e6llesskab omkring gaming i Kjellerup og opland, s\u00e5 hvis vi ikke lige har en server med dit yndlings spil, s\u00e5 kontakt og meget gerne. M\u00e5ske vi kan lokkes til at oprette en server med netop dit favorit spil \ud83d\ude42<\/p>\n\n\n\n<p>Her kan du se en liste over spil som vi hoster. Alle er velkommen til at hoppe p\u00e5 og spille. Meld dig ogs\u00e5 meget gerne p\u00e5 vores Discord server, s\u00e5 du kan snakke med vennerne mens i gamer sammen \ud83d\ude42<\/p>\n\n\n\n<hr class=\"wp-block-separator has-alpha-channel-opacity\"\/>\n\n\n\n<p><strong>Minecraft<\/strong><\/p>\n\n\n\n<p>Kjellerup eSport er nu klar med den f\u00f8rste MineCraft server og der er flere p\u00e5 vej. <\/p>\n\n\n\n<p>Alle er velkommen til at spille p\u00e5 vores servere, s\u00e5 inviter gerne dine venner med.<\/p>\n\n\n\n<p>Nedenfor kan du se server adressen til vores servere. G\u00e5 ind i Minecraft og v\u00e6lg Multiplayer og tilf\u00f8je vores server.<\/p>\n\n\n\n<p>Servere (Java edition):<\/p>\n\n\n\n<p><mark style=\"background-color:rgba(0, 0, 0, 0)\" class=\"has-inline-color has-vivid-green-cyan-color\">Minecraft.kjellerup-esport.dk<\/mark> &#8211; PVP server. Spil med vennerne og overlev<br><\/p>\n\n\n\n<figure class=\"wp-block-image size-full\"><img loading=\"lazy\" decoding=\"async\" width=\"1259\" height=\"350\" src=\"http:\/\/www.kjellerup-esport.dk\/wp-content\/uploads\/2024\/07\/minecraft.png\" alt=\"\" class=\"wp-image-539\"\/><\/figure>\n\n\n\n<hr class=\"wp-block-separator has-alpha-channel-opacity\"\/>\n\n\n\n<p>CSGO2<\/p>\n\n\n\n<p>Kommer snart.<\/p>\n\n\n\n<hr class=\"wp-block-separator has-alpha-channel-opacity\"\/>\n","protected":false},"excerpt":{"rendered":"<p>Gaming handler om at spille sammen. Derfor hoster vi en r\u00e6kke spil servere med det form\u00e5l, at f\u00e5 jer til at spille sammen. Vi vil gerne bygge et f\u00e6llesskab omkring gaming i Kjellerup og opland, s\u00e5 hvis vi ikke lige har en server med dit yndlings spil, s\u00e5 kontakt og meget gerne. M\u00e5ske vi kan&#8230;<\/p>\n","protected":false},"author":1,"featured_media":0,"parent":0,"menu_order":0,"comment_status":"closed","ping_status":"closed","template":"","meta":{"footnotes":""},"class_list":["post-535","page","type-page","status-publish","hentry"],"_links":{"self":[{"href":"http:\/\/www.kjellerup-esport.dk\/index.php\/wp-json\/wp\/v2\/pages\/535","targetHints":{"allow":["GET"]}}],"collection":[{"href":"http:\/\/www.kjellerup-esport.dk\/index.php\/wp-json\/wp\/v2\/pages"}],"about":[{"href":"http:\/\/www.kjellerup-esport.dk\/index.php\/wp-json\/wp\/v2\/types\/page"}],"author":[{"embeddable":true,"href":"http:\/\/www.kjellerup-esport.dk\/index.php\/wp-json\/wp\/v2\/users\/1"}],"replies":[{"embeddable":true,"href":"http:\/\/www.kjellerup-esport.dk\/index.php\/wp-json\/wp\/v2\/comments?post=535"}],"version-history":[{"count":6,"href":"http:\/\/www.kjellerup-esport.dk\/index.php\/wp-json\/wp\/v2\/pages\/535\/revisions"}],"predecessor-version":[{"id":583,"href":"http:\/\/www.kjellerup-esport.dk\/index.php\/wp-json\/wp\/v2\/pages\/535\/revisions\/583"}],"wp:attachment":[{"href":"http:\/\/www.kjellerup-esport.dk\/index.php\/wp-json\/wp\/v2\/media?parent=535"}],"curies":[{"name":"wp","href":"https:\/\/api.w.org\/{rel}","templated":true}]}}