{"id":53,"date":"2022-12-06T07:50:25","date_gmt":"2022-12-06T07:50:25","guid":{"rendered":"http:\/\/www.kjellerup-esport.dk\/?page_id=53"},"modified":"2024-08-09T10:46:16","modified_gmt":"2024-08-09T10:46:16","slug":"minecraft","status":"publish","type":"page","link":"http:\/\/www.kjellerup-esport.dk\/index.php\/minecraft\/","title":{"rendered":"SOCIAL GAMING"},"content":{"rendered":"\n<p>Social gaming er et hold med fokus p\u00e5 det sociale og trygge rammer, hvor alle er velkomne uanset alder. Holdet vil give deltagerne en langsom og gradvis introduktion til, hvad esport er, og hvordan man kan spille og konkurrere i forskellige spil. Det vil v\u00e6re en afslappet og sjov atmosf\u00e6re, hvor deltagerne kan opbygge venskaber og forbedre deres gaming-evner. Kjellerup Esport \u00f8nsker at tilbyde et inkluderende og st\u00f8ttende milj\u00f8 for alle, der er interesseret i at l\u00e6re mere om esport og social gaming. <\/p>\n\n\n\n<h2 class=\"wp-block-heading\">Spil<\/h2>\n\n\n\n<p>Indtil videre tilbyder vi f\u00f8lgende spil i klubben<\/p>\n\n\n\n<ul class=\"wp-block-list\">\n<li>CS2<\/li>\n\n\n\n<li>FORTNITE<\/li>\n\n\n\n<li>Farming Simulator<\/li>\n\n\n\n<li>Minecraft<\/li>\n\n\n\n<li>Dead by daylight<\/li>\n\n\n\n<li>Phasmophobia<\/li>\n\n\n\n<li>FC 24<\/li>\n\n\n\n<li>NBA 2K24<\/li>\n\n\n\n<li>Mortal Kombat<\/li>\n\n\n\n<li>Mario Kart<\/li>\n<\/ul>\n\n\n\n<p>Bem\u00e6rk at du<strong> s\u00e5 vidt muligt<\/strong> selv skal kunne logge ind p\u00e5 din egen spilprofil. Vi har alt det udstyr som du har brug for.<\/p>\n\n\n\n<p>Kom og f\u00e5 en pr\u00f8vetime &#8211; vi garanterer det bliver sjovt!<\/p>\n\n\n\n<p>Meld dig ind her -&gt;<a href=\"https:\/\/www.kjellerupif.dk\/kjellerup-esport\/\">https:\/\/www.kjellerupif.dk\/kjellerup-esport\/<\/a><\/p>\n\n\n\n<p><\/p>\n\n\n\n<figure class=\"wp-block-image size-full is-resized\"><img loading=\"lazy\" decoding=\"async\" width=\"2040\" height=\"1536\" src=\"http:\/\/www.kjellerup-esport.dk\/wp-content\/uploads\/2024\/06\/373283657_262662956720626_5171851573570544623_n.jpg\" alt=\"\" class=\"wp-image-343\" style=\"width:473px;height:auto\"\/><\/figure>\n\n\n\n<p>Fedt at m\u00f8des og spiller med kammeraterne<\/p>\n","protected":false},"excerpt":{"rendered":"<p>Social gaming er et hold med fokus p\u00e5 det sociale og trygge rammer, hvor alle er velkomne uanset alder. Holdet vil give deltagerne en langsom og gradvis introduktion til, hvad esport er, og hvordan man kan spille og konkurrere i forskellige spil. Det vil v\u00e6re en afslappet og sjov atmosf\u00e6re, hvor deltagerne kan opbygge venskaber&#8230;<\/p>\n","protected":false},"author":1,"featured_media":0,"parent":0,"menu_order":5,"comment_status":"closed","ping_status":"closed","template":"","meta":{"footnotes":""},"class_list":["post-53","page","type-page","status-publish","hentry"],"_links":{"self":[{"href":"http:\/\/www.kjellerup-esport.dk\/index.php\/wp-json\/wp\/v2\/pages\/53","targetHints":{"allow":["GET"]}}],"collection":[{"href":"http:\/\/www.kjellerup-esport.dk\/index.php\/wp-json\/wp\/v2\/pages"}],"about":[{"href":"http:\/\/www.kjellerup-esport.dk\/index.php\/wp-json\/wp\/v2\/types\/page"}],"author":[{"embeddable":true,"href":"http:\/\/www.kjellerup-esport.dk\/index.php\/wp-json\/wp\/v2\/users\/1"}],"replies":[{"embeddable":true,"href":"http:\/\/www.kjellerup-esport.dk\/index.php\/wp-json\/wp\/v2\/comments?post=53"}],"version-history":[{"count":12,"href":"http:\/\/www.kjellerup-esport.dk\/index.php\/wp-json\/wp\/v2\/pages\/53\/revisions"}],"predecessor-version":[{"id":562,"href":"http:\/\/www.kjellerup-esport.dk\/index.php\/wp-json\/wp\/v2\/pages\/53\/revisions\/562"}],"wp:attachment":[{"href":"http:\/\/www.kjellerup-esport.dk\/index.php\/wp-json\/wp\/v2\/media?parent=53"}],"curies":[{"name":"wp","href":"https:\/\/api.w.org\/{rel}","templated":true}]}}