{"id":511,"date":"2024-06-14T10:07:36","date_gmt":"2024-06-14T10:07:36","guid":{"rendered":"http:\/\/www.kjellerup-esport.dk\/?page_id=511"},"modified":"2024-06-14T10:08:50","modified_gmt":"2024-06-14T10:08:50","slug":"fodselsdag","status":"publish","type":"page","link":"http:\/\/www.kjellerup-esport.dk\/index.php\/fodselsdag\/","title":{"rendered":"F\u00d8DSELSDAG"},"content":{"rendered":"\n<p>\u00d8nsker du at fejre f\u00f8dselsdag med hurtige gamer PC\u00e9re og dine bedste venner? Hos Kjellerup Esport kan du holde f\u00f8dselsdag i vores fantastiske klub! Vi har 12 kraftfulde computere, 2 playstations og en Nintendo Switch klar til jer. I kan v\u00e6re mellem 10 og 15 deltagere. Alt udstyr st\u00e5r klar n\u00e5r I kommer \u2013 det eneste I skal g\u00f8re, er at s\u00e6tte jer godt til rette i vores l\u00e6kre gamingstole og g\u00e5 i gang. Her kan I spille CS2, Fortnite, Dead by Daylight, Roblox, Farming simulator, FC24, Mortal Kombat m.m. Klubben har spilkonti til r\u00e5dighed, s\u00e5 de venner, der ikke har en egen konto, kan l\u00e5ne en af os.<\/p>\n\n\n\n<h4 class=\"wp-block-heading\">Praktiske Informationer<\/h4>\n\n\n\n<ul class=\"wp-block-list\">\n<li>En f\u00f8dselsdagsfejring skal vare mindst 2 timer <\/li>\n\n\n\n<li>En f\u00f8dselsdagsfejring kan maksimalt vare 4 timer.<\/li>\n\n\n\n<li>Mad og drikke m\u00e5 medbringes, men m\u00e5 ikke indtages foran PC\u2019erne. Der vil v\u00e6re borde til r\u00e5dighed ved lokalet til dette form\u00e5l.<\/li>\n<\/ul>\n\n\n\n<p>Pris: 300,- per time<\/p>\n\n\n\n<h4 class=\"wp-block-heading\">Hvordan Foreg\u00e5r Eventet?<\/h4>\n\n\n\n<p>N\u00e5r jeres booking er gennemf\u00f8rt og bekr\u00e6ftet, m\u00f8der I bare op i centret, hvor en instrukt\u00f8r vil st\u00e5 klar til at tage imod jer. Instrukt\u00f8ren vil v\u00e6re til r\u00e5dighed under hele eventet og kan hj\u00e6lpe med ops\u00e6tning af kampe, tekniske udfordringer og meget mere.<\/p>\n","protected":false},"excerpt":{"rendered":"<p>\u00d8nsker du at fejre f\u00f8dselsdag med hurtige gamer PC\u00e9re og dine bedste venner? Hos Kjellerup Esport kan du holde f\u00f8dselsdag i vores fantastiske klub! Vi har 12 kraftfulde computere, 2 playstations og en Nintendo Switch klar til jer. I kan v\u00e6re mellem 10 og 15 deltagere. Alt udstyr st\u00e5r klar n\u00e5r I kommer \u2013 det&#8230;<\/p>\n","protected":false},"author":3,"featured_media":0,"parent":0,"menu_order":0,"comment_status":"closed","ping_status":"closed","template":"","meta":{"footnotes":""},"class_list":["post-511","page","type-page","status-publish","hentry"],"_links":{"self":[{"href":"http:\/\/www.kjellerup-esport.dk\/index.php\/wp-json\/wp\/v2\/pages\/511","targetHints":{"allow":["GET"]}}],"collection":[{"href":"http:\/\/www.kjellerup-esport.dk\/index.php\/wp-json\/wp\/v2\/pages"}],"about":[{"href":"http:\/\/www.kjellerup-esport.dk\/index.php\/wp-json\/wp\/v2\/types\/page"}],"author":[{"embeddable":true,"href":"http:\/\/www.kjellerup-esport.dk\/index.php\/wp-json\/wp\/v2\/users\/3"}],"replies":[{"embeddable":true,"href":"http:\/\/www.kjellerup-esport.dk\/index.php\/wp-json\/wp\/v2\/comments?post=511"}],"version-history":[{"count":3,"href":"http:\/\/www.kjellerup-esport.dk\/index.php\/wp-json\/wp\/v2\/pages\/511\/revisions"}],"predecessor-version":[{"id":519,"href":"http:\/\/www.kjellerup-esport.dk\/index.php\/wp-json\/wp\/v2\/pages\/511\/revisions\/519"}],"wp:attachment":[{"href":"http:\/\/www.kjellerup-esport.dk\/index.php\/wp-json\/wp\/v2\/media?parent=511"}],"curies":[{"name":"wp","href":"https:\/\/api.w.org\/{rel}","templated":true}]}}