{"id":46,"date":"2022-12-06T07:48:39","date_gmt":"2022-12-06T07:48:39","guid":{"rendered":"http:\/\/www.kjellerup-esport.dk\/?page_id=46"},"modified":"2024-06-05T16:18:26","modified_gmt":"2024-06-05T16:18:26","slug":"kontakt","status":"publish","type":"page","link":"http:\/\/www.kjellerup-esport.dk\/index.php\/kontakt\/","title":{"rendered":"KONTAKT"},"content":{"rendered":"\n<p>Kjellerup Esport kan kontaktes p\u00e5 nedenst\u00e5ende m\u00e5der.<\/p>\n\n\n\n<p>Har du brug at kontakte os kan du sende en besked via info@kjellerup-esport.dk eller ringe p\u00e5 93926090.<\/p>\n\n\n\n<p>Det er muligt at arrangere et m\u00f8de med os. Dette sker naturligvis efter aftale.<\/p>\n\n\n\n<p>Kontakt os desuden p\u00e5 Discord.<\/p>\n\n\n\n<p><\/p>\n\n\n\n<p>Vi holder til i Arena Midt i Kjellerup:<\/p>\n\n\n\n<iframe src=\"https:\/\/www.google.com\/maps\/embed?pb=!1m18!1m12!1m3!1d2214.8294456550643!2d9.44612663216641!3d56.28099362799937!2m3!1f0!2f0!3f0!3m2!1i1024!2i768!4f13.1!3m3!1m2!1s0x464bf21a1f7d83bb%3A0xfcb2ebfc5a1f896b!2sArena%20Midt%2C%20Kjellerup!5e0!3m2!1sda!2sdk!4v1671456409245!5m2!1sda!2sdk\" style=\"border:0;\" allowfullscreen=\"\" loading=\"lazy\" referrerpolicy=\"no-referrer-when-downgrade\" width=\"600\" height=\"450\"><\/iframe>\n\n\n","protected":false},"excerpt":{"rendered":"<p>Kjellerup Esport kan kontaktes p\u00e5 nedenst\u00e5ende m\u00e5der. Har du brug at kontakte os kan du sende en besked via info@kjellerup-esport.dk eller ringe p\u00e5 93926090. Det er muligt at arrangere et m\u00f8de med os. Dette sker naturligvis efter aftale. Kontakt os desuden p\u00e5 Discord. Vi holder til i Arena Midt i Kjellerup:<\/p>\n","protected":false},"author":1,"featured_media":0,"parent":0,"menu_order":0,"comment_status":"closed","ping_status":"closed","template":"","meta":{"footnotes":""},"class_list":["post-46","page","type-page","status-publish","hentry"],"_links":{"self":[{"href":"http:\/\/www.kjellerup-esport.dk\/index.php\/wp-json\/wp\/v2\/pages\/46","targetHints":{"allow":["GET"]}}],"collection":[{"href":"http:\/\/www.kjellerup-esport.dk\/index.php\/wp-json\/wp\/v2\/pages"}],"about":[{"href":"http:\/\/www.kjellerup-esport.dk\/index.php\/wp-json\/wp\/v2\/types\/page"}],"author":[{"embeddable":true,"href":"http:\/\/www.kjellerup-esport.dk\/index.php\/wp-json\/wp\/v2\/users\/1"}],"replies":[{"embeddable":true,"href":"http:\/\/www.kjellerup-esport.dk\/index.php\/wp-json\/wp\/v2\/comments?post=46"}],"version-history":[{"count":11,"href":"http:\/\/www.kjellerup-esport.dk\/index.php\/wp-json\/wp\/v2\/pages\/46\/revisions"}],"predecessor-version":[{"id":434,"href":"http:\/\/www.kjellerup-esport.dk\/index.php\/wp-json\/wp\/v2\/pages\/46\/revisions\/434"}],"wp:attachment":[{"href":"http:\/\/www.kjellerup-esport.dk\/index.php\/wp-json\/wp\/v2\/media?parent=46"}],"curies":[{"name":"wp","href":"https:\/\/api.w.org\/{rel}","templated":true}]}}