{"id":318,"date":"2024-05-26T10:45:59","date_gmt":"2024-05-26T10:45:59","guid":{"rendered":"http:\/\/www.kjellerup-esport.dk\/?page_id=318"},"modified":"2025-09-15T20:19:27","modified_gmt":"2025-09-15T20:19:27","slug":"old-boys","status":"publish","type":"page","link":"http:\/\/www.kjellerup-esport.dk\/index.php\/old-boys\/","title":{"rendered":"CS2 OLD BOYS"},"content":{"rendered":"\n<div class=\"wp-block-group\"><div class=\"wp-block-group__inner-container is-layout-constrained wp-block-group-is-layout-constrained\">\n<div class=\"wp-block-media-text is-stacked-on-mobile\" style=\"grid-template-columns:20% auto\"><figure class=\"wp-block-media-text__media\"><img loading=\"lazy\" decoding=\"async\" width=\"497\" height=\"417\" src=\"http:\/\/www.kjellerup-esport.dk\/wp-content\/uploads\/2025\/09\/Skaermbillede-2025-09-15-220243.png\" alt=\"\" class=\"wp-image-614 size-full\"\/><\/figure><div class=\"wp-block-media-text__content\">\n<p class=\"has-black-color has-text-color has-link-color wp-elements-ec9770d63f6964b9bb490cb8fc3d9a8c\">Er du for gammel til at spille med de sm\u00e5? Vil du v\u00e6re en del af et f\u00e6llesskab du kan v\u00e6re en del af, ogs\u00e5 selv om du ikke kan komme til tr\u00e6ning i klubben hver gang, men f.eks har mulighed for at komme p\u00e5 serveren hjemmefra? Vi spiller hver tirsdag, men hyggen er vigtig.<br><br>S\u00e5 er OLD BOYS Counter strike noget for dig. Om du er helt ny eller OG fra version 1.6 er der plads p\u00e5 holdet.<\/p>\n\n\n\n<p class=\"has-black-color has-text-color has-link-color wp-elements-7f2d6e39178bada3674551e61eabe419\">Vi er tilmeldt OB ligaen med to hold:<br>Social hold &#8211; Spiller bare for hygge<br>Team tryhard &#8211; Tr\u00e6ner, analyserer og <strong>forpligter<\/strong> sig til kampene og holdet. <\/p>\n<\/div><\/div>\n<\/div><\/div>\n\n\n\n<figure class=\"wp-block-gallery has-nested-images columns-default is-cropped wp-block-gallery-1 is-layout-flex wp-block-gallery-is-layout-flex\">\n<figure class=\"wp-block-image size-large is-style-default\"><img loading=\"lazy\" decoding=\"async\" width=\"952\" height=\"714\" data-id=\"612\" src=\"http:\/\/www.kjellerup-esport.dk\/wp-content\/uploads\/2025\/09\/175796638268921429.jpg\" alt=\"\" class=\"wp-image-612\"\/><\/figure>\n\n\n\n<figure class=\"wp-block-image size-large\"><img loading=\"lazy\" decoding=\"async\" width=\"1263\" height=\"947\" data-id=\"611\" src=\"http:\/\/www.kjellerup-esport.dk\/wp-content\/uploads\/2025\/09\/IMG20250217184652-1.jpg\" alt=\"\" class=\"wp-image-611\"\/><\/figure>\n<\/figure>\n","protected":false},"excerpt":{"rendered":"<p>Er du for gammel til at spille med de sm\u00e5? Vil du v\u00e6re en del af et f\u00e6llesskab du kan v\u00e6re en del af, ogs\u00e5 selv om du ikke kan komme til tr\u00e6ning i klubben hver gang, men f.eks har mulighed for at komme p\u00e5 serveren hjemmefra? Vi spiller hver tirsdag, men hyggen er vigtig&#8230;.<\/p>\n","protected":false},"author":1,"featured_media":0,"parent":0,"menu_order":0,"comment_status":"closed","ping_status":"closed","template":"","meta":{"footnotes":""},"class_list":["post-318","page","type-page","status-publish","hentry"],"_links":{"self":[{"href":"http:\/\/www.kjellerup-esport.dk\/index.php\/wp-json\/wp\/v2\/pages\/318","targetHints":{"allow":["GET"]}}],"collection":[{"href":"http:\/\/www.kjellerup-esport.dk\/index.php\/wp-json\/wp\/v2\/pages"}],"about":[{"href":"http:\/\/www.kjellerup-esport.dk\/index.php\/wp-json\/wp\/v2\/types\/page"}],"author":[{"embeddable":true,"href":"http:\/\/www.kjellerup-esport.dk\/index.php\/wp-json\/wp\/v2\/users\/1"}],"replies":[{"embeddable":true,"href":"http:\/\/www.kjellerup-esport.dk\/index.php\/wp-json\/wp\/v2\/comments?post=318"}],"version-history":[{"count":17,"href":"http:\/\/www.kjellerup-esport.dk\/index.php\/wp-json\/wp\/v2\/pages\/318\/revisions"}],"predecessor-version":[{"id":627,"href":"http:\/\/www.kjellerup-esport.dk\/index.php\/wp-json\/wp\/v2\/pages\/318\/revisions\/627"}],"wp:attachment":[{"href":"http:\/\/www.kjellerup-esport.dk\/index.php\/wp-json\/wp\/v2\/media?parent=318"}],"curies":[{"name":"wp","href":"https:\/\/api.w.org\/{rel}","templated":true}]}}