{"id":307,"date":"2024-05-15T11:57:58","date_gmt":"2024-05-15T11:57:58","guid":{"rendered":"http:\/\/www.kjellerup-esport.dk\/?page_id=307"},"modified":"2025-09-15T20:23:23","modified_gmt":"2025-09-15T20:23:23","slug":"csgo2","status":"publish","type":"page","link":"http:\/\/www.kjellerup-esport.dk\/index.php\/csgo2\/","title":{"rendered":"CS2 UNG"},"content":{"rendered":"\n<figure class=\"wp-block-image size-large\"><img decoding=\"async\" src=\"http:\/\/www.kjellerup-esport.dk\/wp-content\/uploads\/2024\/06\/kopi-af-faelles.jpg\" alt=\"\" class=\"wp-image-509\"\/><\/figure>\n\n\n\n<p>Vi tilbyder CS2 tr\u00e6ning hver tirsdag fra 16.30 &#8211; 18.00. Vi tr\u00e6ner executes, retakes, granater, kommunikation, lynhurtige reflekser og styrker sammenholdet.<\/p>\n\n\n\n<p>Holdet er fra du kan spille spillet og opefter. Din rang er ikke vigtigere end dit engagement til tr\u00e6ningen. S\u00e5 ny eller \u00f8vet er man velkommen til at kigge forbi til en pr\u00f8vetr\u00e6ning eller 2.<\/p>\n\n\n\n<p>Vi tr\u00e6ner i vores lokale, hvor vi har 12 setups og en tr\u00e6ner sk\u00e6rm.<\/p>\n\n\n\n<p>Meld dig til her -&gt; <a href=\"https:\/\/www.kjellerupif.dk\/kjellerup-esport\/#signupItem_60\" target=\"_blank\" rel=\"noreferrer noopener\">https:\/\/www.kjellerupif.dk\/kjellerup-esport\/#signupItem_60<\/a><\/p>\n\n\n\n<p><a href=\"http:\/\/www.kjellerup-esport.dk\/index.php\/om-os-2\/\">Tim og Mathias er tr\u00e6nere<\/a><\/p>\n\n\n\n<div class=\"wp-block-columns is-layout-flex wp-container-core-columns-is-layout-9d6595d7 wp-block-columns-is-layout-flex\">\n<div class=\"wp-block-column is-layout-flow wp-block-column-is-layout-flow\"><\/div>\n\n\n\n<div class=\"wp-block-column is-layout-flow wp-block-column-is-layout-flow\"><\/div>\n<\/div>\n\n\n\n<figure class=\"wp-block-gallery has-nested-images columns-default is-cropped wp-block-gallery-1 is-layout-flex wp-block-gallery-is-layout-flex\">\n<figure class=\"wp-block-image size-large\"><img loading=\"lazy\" decoding=\"async\" width=\"940\" height=\"788\" data-id=\"628\" src=\"http:\/\/www.kjellerup-esport.dk\/wp-content\/uploads\/2025\/09\/Ny-cs2-saeson.png\" alt=\"\" class=\"wp-image-628\"\/><\/figure>\n<\/figure>\n","protected":false},"excerpt":{"rendered":"<p>Vi tilbyder CS2 tr\u00e6ning hver tirsdag fra 16.30 &#8211; 18.00. Vi tr\u00e6ner executes, retakes, granater, kommunikation, lynhurtige reflekser og styrker sammenholdet. Holdet er fra du kan spille spillet og opefter. Din rang er ikke vigtigere end dit engagement til tr\u00e6ningen. S\u00e5 ny eller \u00f8vet er man velkommen til at kigge forbi til en pr\u00f8vetr\u00e6ning eller&#8230;<\/p>\n","protected":false},"author":1,"featured_media":0,"parent":0,"menu_order":0,"comment_status":"closed","ping_status":"closed","template":"","meta":{"footnotes":""},"class_list":["post-307","page","type-page","status-publish","hentry"],"_links":{"self":[{"href":"http:\/\/www.kjellerup-esport.dk\/index.php\/wp-json\/wp\/v2\/pages\/307","targetHints":{"allow":["GET"]}}],"collection":[{"href":"http:\/\/www.kjellerup-esport.dk\/index.php\/wp-json\/wp\/v2\/pages"}],"about":[{"href":"http:\/\/www.kjellerup-esport.dk\/index.php\/wp-json\/wp\/v2\/types\/page"}],"author":[{"embeddable":true,"href":"http:\/\/www.kjellerup-esport.dk\/index.php\/wp-json\/wp\/v2\/users\/1"}],"replies":[{"embeddable":true,"href":"http:\/\/www.kjellerup-esport.dk\/index.php\/wp-json\/wp\/v2\/comments?post=307"}],"version-history":[{"count":30,"href":"http:\/\/www.kjellerup-esport.dk\/index.php\/wp-json\/wp\/v2\/pages\/307\/revisions"}],"predecessor-version":[{"id":632,"href":"http:\/\/www.kjellerup-esport.dk\/index.php\/wp-json\/wp\/v2\/pages\/307\/revisions\/632"}],"wp:attachment":[{"href":"http:\/\/www.kjellerup-esport.dk\/index.php\/wp-json\/wp\/v2\/media?parent=307"}],"curies":[{"name":"wp","href":"https:\/\/api.w.org\/{rel}","templated":true}]}}