{"id":29,"date":"2022-12-06T07:36:29","date_gmt":"2022-12-06T07:36:29","guid":{"rendered":"http:\/\/www.kjellerup-esport.dk\/?page_id=29"},"modified":"2024-06-18T17:04:34","modified_gmt":"2024-06-18T17:04:34","slug":"sponsor","status":"publish","type":"page","link":"http:\/\/www.kjellerup-esport.dk\/index.php\/sponsor\/","title":{"rendered":"SPONSOR"},"content":{"rendered":"\n<h2 class=\"wp-block-heading\"><strong>Bliv sponsor og st\u00f8t Kjellerup Esport<\/strong><\/h2>\n\n\n\n<p>Har du som privat person, din virksomhed eller nogen du kender i dit netv\u00e6rk lyst at st\u00f8tte op om Esport i en lokal forening? S\u00e5 er muligheden her nu!<\/p>\n\n\n\n<p><strong>At drive Kjellerup Esport koster penge<\/strong> \u2013 penge som man ikke kan d\u00e6kke alene ved hj\u00e6lp af kontingenter. Derfor er vi afh\u00e6ngige af st\u00f8tten fra lokale virksomheder og fonde. Denne st\u00f8tte g\u00f8r det muligt for os at vedligeholde og k\u00f8be nyt udstyr, afholde arrangementer for vores medlemmer samt tiltr\u00e6kke <em>nye<\/em> medlemmer.<\/p>\n\n\n\n<p>Ved at blive sponsor for Kjellerup Esport hj\u00e6lper du os nemlig med at blive en st\u00e6rkere og endnu mere aktiv forening, og <strong>du f\u00e5r reklamev\u00e6rdi til geng\u00e6ld<\/strong> p\u00e5 spillertr\u00f8jen og\/eller hjemmesiden og vores sociale medier, hvor vi oplever stor aktivitet.<\/p>\n\n\n\n<p>\u00d8nsker du at h\u00f8re mere om, hvad Kjellerup Esport kan tilbyde dig eller din virksomhed? Skriv en besked til os via nedenst\u00e5ende kontaktformular eller kontakt Anders Balle p\u00e5 93926090<\/p>\n\n\n\n<div class=\"wp-block-media-text is-stacked-on-mobile\"><figure class=\"wp-block-media-text__media\"><img loading=\"lazy\" decoding=\"async\" width=\"1200\" height=\"500\" src=\"http:\/\/www.kjellerup-esport.dk\/wp-content\/uploads\/2024\/06\/imageedit_2_88383278951.png\" alt=\"\" class=\"wp-image-408 size-full\"\/><\/figure><div class=\"wp-block-media-text__content\">\n<p>Gidex sponsorerede til opstart af klubben. Prim\u00e6rt til indk\u00f8b af udstyr.<\/p>\n<\/div><\/div>\n\n\n\n<div class=\"wp-block-media-text is-stacked-on-mobile\"><figure class=\"wp-block-media-text__media\"><img loading=\"lazy\" decoding=\"async\" width=\"831\" height=\"148\" src=\"http:\/\/www.kjellerup-esport.dk\/wp-content\/uploads\/2023\/08\/Rema1000-1.jpg\" alt=\"\" class=\"wp-image-196 size-full\"\/><\/figure><div class=\"wp-block-media-text__content\">\n<p>Rema sponsorerer frugt til alle hold hver uge.<\/p>\n<\/div><\/div>\n\n\n\n<div class=\"wp-block-media-text is-stacked-on-mobile\"><figure class=\"wp-block-media-text__media\"><img loading=\"lazy\" decoding=\"async\" width=\"523\" height=\"140\" src=\"http:\/\/www.kjellerup-esport.dk\/wp-content\/uploads\/2023\/08\/JNData.jpg\" alt=\"\" class=\"wp-image-188 size-full\"\/><\/figure><div class=\"wp-block-media-text__content\">\n<p>Sponsorerede  til opstart af klubben<\/p>\n<\/div><\/div>\n\n\n\n<div class=\"wp-block-media-text is-stacked-on-mobile\"><figure class=\"wp-block-media-text__media\"><img loading=\"lazy\" decoding=\"async\" width=\"606\" height=\"122\" src=\"http:\/\/www.kjellerup-esport.dk\/wp-content\/uploads\/2023\/08\/Norlys-1.jpg\" alt=\"\" class=\"wp-image-193 size-full\"\/><\/figure><div class=\"wp-block-media-text__content\">\n<p>Sponsorerede til opstart af klub. Indk\u00f8b af udstyr.<\/p>\n<\/div><\/div>\n\n\n\n<div class=\"wp-block-media-text is-stacked-on-mobile\"><figure class=\"wp-block-media-text__media\"><img loading=\"lazy\" decoding=\"async\" width=\"309\" height=\"180\" src=\"http:\/\/www.kjellerup-esport.dk\/wp-content\/uploads\/2023\/08\/pfp.jpg\" alt=\"\" class=\"wp-image-190 size-full\"\/><\/figure><div class=\"wp-block-media-text__content\">\n<p>Sponsorerede bordplader til lokalet.<\/p>\n<\/div><\/div>\n\n\n\n<div class=\"wp-block-media-text is-stacked-on-mobile\"><figure class=\"wp-block-media-text__media\"><img loading=\"lazy\" decoding=\"async\" width=\"1182\" height=\"1182\" src=\"http:\/\/www.kjellerup-esport.dk\/wp-content\/uploads\/2024\/06\/ARENA-MIDT-logo-SORT-tekst.png\" alt=\"\" class=\"wp-image-531 size-full\"\/><\/figure><div class=\"wp-block-media-text__content\">\n<p>Sponsor af lokaler.<\/p>\n<\/div><\/div>\n\n\n\n<div class=\"wp-block-media-text is-stacked-on-mobile\"><figure class=\"wp-block-media-text__media\"><img loading=\"lazy\" decoding=\"async\" width=\"2428\" height=\"958\" src=\"http:\/\/www.kjellerup-esport.dk\/wp-content\/uploads\/2024\/06\/logo-walther-sort.png\" alt=\"\" class=\"wp-image-490 size-full\"\/><\/figure><div class=\"wp-block-media-text__content\">\n<p>Sponsorerede udstyr.<\/p>\n<\/div><\/div>\n\n\n\n<div class=\"wp-block-media-text is-stacked-on-mobile\"><figure class=\"wp-block-media-text__media\"><img loading=\"lazy\" decoding=\"async\" width=\"2750\" height=\"450\" src=\"http:\/\/www.kjellerup-esport.dk\/wp-content\/uploads\/2024\/06\/danske_bank-1.png\" alt=\"\" class=\"wp-image-491 size-full\"\/><\/figure><div class=\"wp-block-media-text__content\">\n<p>Afd. Ans, Levring og Kjellerup sponsorerede tilskud til nyt setup.<\/p>\n<\/div><\/div>\n\n\n\n<div class=\"wp-block-media-text is-stacked-on-mobile\"><figure class=\"wp-block-media-text__media\"><img loading=\"lazy\" decoding=\"async\" width=\"800\" height=\"250\" src=\"http:\/\/www.kjellerup-esport.dk\/wp-content\/uploads\/2024\/06\/GetImage.png\" alt=\"\" class=\"wp-image-495 size-full\"\/><\/figure><div class=\"wp-block-media-text__content\">\n<p>Tilskud til Social Gaming events.<\/p>\n\n\n\n<p><\/p>\n<\/div><\/div>\n","protected":false},"excerpt":{"rendered":"<p>Bliv sponsor og st\u00f8t Kjellerup Esport Har du som privat person, din virksomhed eller nogen du kender i dit netv\u00e6rk lyst at st\u00f8tte op om Esport i en lokal forening? S\u00e5 er muligheden her nu! At drive Kjellerup Esport koster penge \u2013 penge som man ikke kan d\u00e6kke alene ved hj\u00e6lp af kontingenter. Derfor er&#8230;<\/p>\n","protected":false},"author":1,"featured_media":0,"parent":0,"menu_order":0,"comment_status":"closed","ping_status":"closed","template":"","meta":{"footnotes":""},"class_list":["post-29","page","type-page","status-publish","hentry"],"_links":{"self":[{"href":"http:\/\/www.kjellerup-esport.dk\/index.php\/wp-json\/wp\/v2\/pages\/29","targetHints":{"allow":["GET"]}}],"collection":[{"href":"http:\/\/www.kjellerup-esport.dk\/index.php\/wp-json\/wp\/v2\/pages"}],"about":[{"href":"http:\/\/www.kjellerup-esport.dk\/index.php\/wp-json\/wp\/v2\/types\/page"}],"author":[{"embeddable":true,"href":"http:\/\/www.kjellerup-esport.dk\/index.php\/wp-json\/wp\/v2\/users\/1"}],"replies":[{"embeddable":true,"href":"http:\/\/www.kjellerup-esport.dk\/index.php\/wp-json\/wp\/v2\/comments?post=29"}],"version-history":[{"count":8,"href":"http:\/\/www.kjellerup-esport.dk\/index.php\/wp-json\/wp\/v2\/pages\/29\/revisions"}],"predecessor-version":[{"id":533,"href":"http:\/\/www.kjellerup-esport.dk\/index.php\/wp-json\/wp\/v2\/pages\/29\/revisions\/533"}],"wp:attachment":[{"href":"http:\/\/www.kjellerup-esport.dk\/index.php\/wp-json\/wp\/v2\/media?parent=29"}],"curies":[{"name":"wp","href":"https:\/\/api.w.org\/{rel}","templated":true}]}}