{"id":26,"date":"2022-12-06T07:36:06","date_gmt":"2022-12-06T07:36:06","guid":{"rendered":"http:\/\/www.kjellerup-esport.dk\/?page_id=26"},"modified":"2024-06-07T13:01:25","modified_gmt":"2024-06-07T13:01:25","slug":"om-os","status":"publish","type":"page","link":"http:\/\/www.kjellerup-esport.dk\/index.php\/om-os\/","title":{"rendered":"OM KLUBBEN"},"content":{"rendered":"\n<p>Kjellerup esport startede op 1. september 2023 i Arena Midt. Ambitionen var at skabe et f\u00e6llesskab omkring gaming og esport. Vi \u00f8nskede at lave et fritidstilbud der kunne fange b\u00f8rn og unge, som muligvis manglede at v\u00e6re en del af et foreningsliv og et f\u00e6llesskab. Vi har i dag 3 social gaming hold, med et \u00f8nske om flere. 2 CS2 hold. Et 10+ og et Oldboys hold. De spiller begge i esport-ligaen p\u00e5 samme vis, som andre sportsgrene.<\/p>\n\n\n\n<p>Kjellerup Esport er en gaming- og esport-afdeling under Kjellerup Idr\u00e6tsforening, der i sin tid blev grundlagt i 1907. Siden opstarten i 2023 har Kjellerup Esport v\u00e6ret styrket af de traditionelle foreningsv\u00e6rdier der er vigtige, nemlig f\u00e6llesskab, l\u00e6ring, udvikling og oplevelser.<\/p>\n\n\n\n<div class=\"wp-block-columns is-layout-flex wp-container-core-columns-is-layout-9d6595d7 wp-block-columns-is-layout-flex\">\n<div class=\"wp-block-column is-layout-flow wp-block-column-is-layout-flow\">\n<div class=\"wp-block-columns is-layout-flex wp-container-core-columns-is-layout-9d6595d7 wp-block-columns-is-layout-flex\">\n<div class=\"wp-block-column is-layout-flow wp-block-column-is-layout-flow\"><\/div>\n\n\n\n<div class=\"wp-block-column is-layout-flow wp-block-column-is-layout-flow\"><\/div>\n<\/div>\n<\/div>\n\n\n\n<div class=\"wp-block-column is-layout-flow wp-block-column-is-layout-flow\"><\/div>\n\n\n\n<div class=\"wp-block-column is-layout-flow wp-block-column-is-layout-flow\"><\/div>\n<\/div>\n","protected":false},"excerpt":{"rendered":"<p>Kjellerup esport startede op 1. september 2023 i Arena Midt. Ambitionen var at skabe et f\u00e6llesskab omkring gaming og esport. Vi \u00f8nskede at lave et fritidstilbud der kunne fange b\u00f8rn og unge, som muligvis manglede at v\u00e6re en del af et foreningsliv og et f\u00e6llesskab. Vi har i dag 3 social gaming hold, med et&#8230;<\/p>\n","protected":false},"author":1,"featured_media":0,"parent":0,"menu_order":0,"comment_status":"closed","ping_status":"closed","template":"","meta":{"footnotes":""},"class_list":["post-26","page","type-page","status-publish","hentry"],"_links":{"self":[{"href":"http:\/\/www.kjellerup-esport.dk\/index.php\/wp-json\/wp\/v2\/pages\/26","targetHints":{"allow":["GET"]}}],"collection":[{"href":"http:\/\/www.kjellerup-esport.dk\/index.php\/wp-json\/wp\/v2\/pages"}],"about":[{"href":"http:\/\/www.kjellerup-esport.dk\/index.php\/wp-json\/wp\/v2\/types\/page"}],"author":[{"embeddable":true,"href":"http:\/\/www.kjellerup-esport.dk\/index.php\/wp-json\/wp\/v2\/users\/1"}],"replies":[{"embeddable":true,"href":"http:\/\/www.kjellerup-esport.dk\/index.php\/wp-json\/wp\/v2\/comments?post=26"}],"version-history":[{"count":5,"href":"http:\/\/www.kjellerup-esport.dk\/index.php\/wp-json\/wp\/v2\/pages\/26\/revisions"}],"predecessor-version":[{"id":464,"href":"http:\/\/www.kjellerup-esport.dk\/index.php\/wp-json\/wp\/v2\/pages\/26\/revisions\/464"}],"wp:attachment":[{"href":"http:\/\/www.kjellerup-esport.dk\/index.php\/wp-json\/wp\/v2\/media?parent=26"}],"curies":[{"name":"wp","href":"https:\/\/api.w.org\/{rel}","templated":true}]}}