{"id":201,"date":"2023-08-25T09:56:06","date_gmt":"2023-08-25T09:56:06","guid":{"rendered":"http:\/\/www.kjellerup-esport.dk\/?page_id=201"},"modified":"2026-03-07T05:53:09","modified_gmt":"2026-03-07T05:53:09","slug":"om-os-2","status":"publish","type":"page","link":"http:\/\/www.kjellerup-esport.dk\/index.php\/om-os-2\/","title":{"rendered":"OM OS"},"content":{"rendered":"\n<h3 class=\"wp-block-heading\"><strong>Velkommen til Kjellerup Esport<\/strong><\/h3>\n\n\n\n<p>Kjellerup Esport er en forening, som sammen med KIF, har fokus p\u00e5 socialt samv\u00e6r, kammeratskab og et m\u00e5l om at v\u00e6re et fristed for alle med en passion for gaming, uanset alder. I vores aktiviteter har vi fokus p\u00e5 flere ting, b\u00e5de p\u00e5 at blive bedre til selve spillet, men i lige s\u00e5 h\u00f8j grad fokus p\u00e5 at l\u00e6re medlemmerne sociale kompetencer, l\u00e6ring om sundhed og bev\u00e6gelse, l\u00e6re at tale med respekt om og til hinanden og selvf\u00f8lgelig at have det sjovt!<\/p>\n\n\n\n<p>M\u00f8d holdet:<\/p>\n\n\n\n<figure class=\"wp-block-table alignleft\"><table><tbody><tr><td class=\"has-text-align-left\" data-align=\"left\"><\/td><td><strong>Navn<\/strong>: Thomas Larsen<br><strong>Hold:<\/strong><br><strong>Kontakt:<\/strong> thomas.larsen@kjellerup-esport.dk<\/td><\/tr><tr><td class=\"has-text-align-left\" data-align=\"left\"><img loading=\"lazy\" decoding=\"async\" width=\"150\" height=\"153\" class=\"wp-image-588\" style=\"width: 150px;\" src=\"http:\/\/www.kjellerup-esport.dk\/wp-content\/uploads\/2025\/09\/kasper-andersen.png\" alt=\"\"><\/td><td><strong>Navn<\/strong>: Kasper Andersen<br><strong>Hold:<\/strong><br><strong>Kontakt:<\/strong> kasper.andersen@kjellerup-esport.dk<\/td><\/tr><tr><td class=\"has-text-align-left\" data-align=\"left\"><img loading=\"lazy\" decoding=\"async\" width=\"150\" height=\"179\" class=\"wp-image-231\" style=\"width: 150px;\" src=\"http:\/\/www.kjellerup-esport.dk\/wp-content\/uploads\/2023\/09\/Anders.jpg\" alt=\"\"><\/td><td><strong>Navn<\/strong>: Anders Balle<br><strong>Hold:<\/strong><br><strong>Kontakt:<\/strong> anders.balle@kjellerup-esport.dk<\/td><\/tr><tr><td class=\"has-text-align-left\" data-align=\"left\"><img loading=\"lazy\" decoding=\"async\" width=\"150\" height=\"200\" class=\"wp-image-234\" style=\"width: 150px;\" src=\"http:\/\/www.kjellerup-esport.dk\/wp-content\/uploads\/2023\/09\/Mathias.jpeg\" alt=\"\"><\/td><td><strong>Navn:<\/strong> Mathias Kragh<br><strong>Hold:<\/strong><br><strong>Kontakt:<\/strong> mathias.kragh@kjellerup-esport.dk<\/td><\/tr><tr><td class=\"has-text-align-left\" data-align=\"left\"><img loading=\"lazy\" decoding=\"async\" width=\"150\" height=\"150\" class=\"wp-image-233\" style=\"width: 150px;\" src=\"http:\/\/www.kjellerup-esport.dk\/wp-content\/uploads\/2023\/09\/Kenneth.jpg\" alt=\"\"><\/td><td><strong>Navn:<\/strong> Kenneth D\u00e5sbjerg<br><strong>Hold<\/strong>:<br>Kontakt: kenneth.daasbjerg@kjellerup-esport.dk<\/td><\/tr><tr><td class=\"has-text-align-left\" data-align=\"left\"><img loading=\"lazy\" decoding=\"async\" width=\"150\" height=\"195\" class=\"wp-image-232\" style=\"width: 150px;\" src=\"http:\/\/www.kjellerup-esport.dk\/wp-content\/uploads\/2023\/09\/Christian.jpg\" alt=\"\"><\/td><td><strong>Navn:<\/strong> Christian Nyrup Enghoff<br><strong>Hold<\/strong>:<br><strong>kontakt:<\/strong> christian.enghoff@kjellerup-esport.dk<\/td><\/tr><\/tbody><\/table><\/figure>\n","protected":false},"excerpt":{"rendered":"<p>Velkommen til Kjellerup Esport Kjellerup Esport er en forening, som sammen med KIF, har fokus p\u00e5 socialt samv\u00e6r, kammeratskab og et m\u00e5l om at v\u00e6re et fristed for alle med en passion for gaming, uanset alder. I vores aktiviteter har vi fokus p\u00e5 flere ting, b\u00e5de p\u00e5 at blive bedre til selve spillet, men i&#8230;<\/p>\n","protected":false},"author":1,"featured_media":0,"parent":0,"menu_order":0,"comment_status":"closed","ping_status":"closed","template":"","meta":{"footnotes":""},"class_list":["post-201","page","type-page","status-publish","hentry"],"_links":{"self":[{"href":"http:\/\/www.kjellerup-esport.dk\/index.php\/wp-json\/wp\/v2\/pages\/201","targetHints":{"allow":["GET"]}}],"collection":[{"href":"http:\/\/www.kjellerup-esport.dk\/index.php\/wp-json\/wp\/v2\/pages"}],"about":[{"href":"http:\/\/www.kjellerup-esport.dk\/index.php\/wp-json\/wp\/v2\/types\/page"}],"author":[{"embeddable":true,"href":"http:\/\/www.kjellerup-esport.dk\/index.php\/wp-json\/wp\/v2\/users\/1"}],"replies":[{"embeddable":true,"href":"http:\/\/www.kjellerup-esport.dk\/index.php\/wp-json\/wp\/v2\/comments?post=201"}],"version-history":[{"count":20,"href":"http:\/\/www.kjellerup-esport.dk\/index.php\/wp-json\/wp\/v2\/pages\/201\/revisions"}],"predecessor-version":[{"id":657,"href":"http:\/\/www.kjellerup-esport.dk\/index.php\/wp-json\/wp\/v2\/pages\/201\/revisions\/657"}],"wp:attachment":[{"href":"http:\/\/www.kjellerup-esport.dk\/index.php\/wp-json\/wp\/v2\/media?parent=201"}],"curies":[{"name":"wp","href":"https:\/\/api.w.org\/{rel}","templated":true}]}}