{"id":142,"date":"2023-04-21T09:59:57","date_gmt":"2023-04-21T09:59:57","guid":{"rendered":"http:\/\/www.kjellerup-esport.dk\/?page_id=142"},"modified":"2025-09-15T19:42:03","modified_gmt":"2025-09-15T19:42:03","slug":"hold-oversigt","status":"publish","type":"page","link":"http:\/\/www.kjellerup-esport.dk\/index.php\/hold-oversigt\/","title":{"rendered":"HOLD"},"content":{"rendered":"\n<p><\/p>\n\n\n\n<h1 class=\"wp-block-heading\"><\/h1>\n\n\n\n<p>Hos Kjellerup eSport tilbyder vi f\u00f8lgende hold. Skulle du have interesse i et specifikt spil, som endnu ikke er p\u00e5 vores hold liste, s\u00e5 tag endelig fat i os. Vi opretter gerne et hold s\u00e5fremt der er interesse.<\/p>\n\n\n\n<p><strong>Couter Strike (begynder):<\/strong> Vi spiller udelukkende Counter Strike<\/p>\n\n\n\n<p><strong>Social Gaming:<\/strong> Kom og spil hvad du har lyst til. Vi stiller kontoer til r\u00e5dighed for Counter Strike og Fortnite. For at spille andre spil, eller spille p\u00e5 din personlige konto, skal du bruge dit eget SteamID, Battle.NET ID, Epic games login og lignende.<\/p>\n\n\n\n<p><\/p>\n\n\n\n<figure class=\"wp-block-table\"><table><tbody><tr><td><strong>Hold<\/strong><\/td><td><strong>Alderstrin<\/strong><\/td><td><strong>Periode<\/strong><\/td><td><strong>Hvilke dage<\/strong><\/td><td><strong>Pris per s\u00e6son<\/strong><\/td><td><strong>Tr\u00e6ner\/voksen<\/strong><\/td><\/tr><tr><td>Social Gaming<\/td><td>6-10 \u00e5r<\/td><td>Sep &#8211; feb<br>marts &#8211; juli<\/td><td>Hver mandag <br>kl. 16.00 &#8211; 17.30<\/td><td>350kr<\/td><td>Anders &#8211; Kenneth<\/td><\/tr><tr><td>Counterstrike <\/td><td>Fra 10 \u00e5r<\/td><td>Sep &#8211; feb<br>marts &#8211; juli<\/td><td>Hver tirsdag <br>kl. 16.30 &#8211; 18.30<\/td><td>350kr<\/td><td>Tim &#8211; Mathias<\/td><\/tr><tr><td>Minecraft<\/td><td>Fra 9 \u00e5r<\/td><td>Sep &#8211; feb<br>marts &#8211; juli<\/td><td>Hver onsdag <br>kl. 16.00 &#8211; 17.30<\/td><td>350kr<\/td><td>Adam &#8211; Wilhelm -Christian<\/td><\/tr><tr><td>Fortnite<\/td><td>Alle<\/td><td>Sep &#8211; feb<br>marts &#8211; juli<\/td><td>Hver onsdag<br>kl. 17.30 &#8211; 19.30<\/td><td>350kr<\/td><td>MANGLER TR\u00c6NER!<\/td><\/tr><tr><td>Oldboys CS<\/td><td>Voksne<\/td><td>Sep &#8211; feb<br>marts &#8211; juli<\/td><td>Hver tirsdag <br>kl. 19.30 &#8211; 22.00<br>Kampe s\u00f8ndag<br>kl. 20.00<\/td><td>350kr<\/td><td>Kasper &#8211; Thomas<\/td><\/tr><\/tbody><\/table><\/figure>\n\n\n\n<div class=\"wp-block-buttons is-layout-flex wp-block-buttons-is-layout-flex\">\n<div class=\"wp-block-button is-style-fill\"><a class=\"wp-block-button__link wp-element-button\" href=\"https:\/\/www.kjellerupif.dk\/kjellerup-esport\/#signupItem_60\" target=\"_blank\" rel=\"noreferrer noopener\"><strong>T<\/strong>ILMELDING HER<\/a><\/div>\n<\/div>\n\n\n\n<p><\/p>\n\n\n\n<p>Har du sp\u00f8rgsm\u00e5l omkring medlemskab eller tilmelding s\u00e5 kontakt info@kjellerup-esport.dk, ring til os (se kontakt side) eller fang os p\u00e5 vores Discord server.<\/p>\n\n\n\n<p><strong>Vigtigt:<\/strong> *Ved at tilmelde dit barn til e-sport, tilkendegiver man at for\u00e6ldre selv er ansvarlige for, hvilke spil ens barn spiller.<\/p>\n","protected":false},"excerpt":{"rendered":"<p>Hos Kjellerup eSport tilbyder vi f\u00f8lgende hold. Skulle du have interesse i et specifikt spil, som endnu ikke er p\u00e5 vores hold liste, s\u00e5 tag endelig fat i os. Vi opretter gerne et hold s\u00e5fremt der er interesse. Couter Strike (begynder): Vi spiller udelukkende Counter Strike Social Gaming: Kom og spil hvad du har lyst&#8230;<\/p>\n","protected":false},"author":1,"featured_media":0,"parent":0,"menu_order":0,"comment_status":"closed","ping_status":"closed","template":"","meta":{"footnotes":""},"class_list":["post-142","page","type-page","status-publish","hentry"],"_links":{"self":[{"href":"http:\/\/www.kjellerup-esport.dk\/index.php\/wp-json\/wp\/v2\/pages\/142","targetHints":{"allow":["GET"]}}],"collection":[{"href":"http:\/\/www.kjellerup-esport.dk\/index.php\/wp-json\/wp\/v2\/pages"}],"about":[{"href":"http:\/\/www.kjellerup-esport.dk\/index.php\/wp-json\/wp\/v2\/types\/page"}],"author":[{"embeddable":true,"href":"http:\/\/www.kjellerup-esport.dk\/index.php\/wp-json\/wp\/v2\/users\/1"}],"replies":[{"embeddable":true,"href":"http:\/\/www.kjellerup-esport.dk\/index.php\/wp-json\/wp\/v2\/comments?post=142"}],"version-history":[{"count":10,"href":"http:\/\/www.kjellerup-esport.dk\/index.php\/wp-json\/wp\/v2\/pages\/142\/revisions"}],"predecessor-version":[{"id":599,"href":"http:\/\/www.kjellerup-esport.dk\/index.php\/wp-json\/wp\/v2\/pages\/142\/revisions\/599"}],"wp:attachment":[{"href":"http:\/\/www.kjellerup-esport.dk\/index.php\/wp-json\/wp\/v2\/media?parent=142"}],"curies":[{"name":"wp","href":"https:\/\/api.w.org\/{rel}","templated":true}]}}