{"id":12,"date":"2022-12-05T13:49:26","date_gmt":"2022-12-05T13:49:26","guid":{"rendered":"http:\/\/www.kjellerup-esport.dk\/?page_id=12"},"modified":"2026-04-25T20:34:04","modified_gmt":"2026-04-25T20:34:04","slug":"forside","status":"publish","type":"page","link":"http:\/\/www.kjellerup-esport.dk\/","title":{"rendered":"Velkommen til Kjellerup esport"},"content":{"rendered":"\n<p>S\u00e5 er det igen tid til LAN. Tag alle vennerne med til 24-timers hygge og sjove konkurrencer. L\u00e6s mere p\u00e5 vores info side her:<\/p>\n\n\n\n<p><a href=\"http:\/\/www.kjellerup-esport.dk\/index.php\/lan\/\">www.kjellerup-esport.dk\/lan<\/a><\/p>\n\n\n\n<figure class=\"wp-block-image size-full\"><img loading=\"lazy\" decoding=\"async\" width=\"1376\" height=\"768\" src=\"http:\/\/www.kjellerup-esport.dk\/wp-content\/uploads\/2026\/03\/esport-LAN.jpg\" alt=\"\" class=\"wp-image-676\"\/><\/figure>\n\n\n\n<figure class=\"wp-block-image size-large\"><img loading=\"lazy\" decoding=\"async\" width=\"1024\" height=\"768\" src=\"http:\/\/www.kjellerup-esport.dk\/wp-content\/uploads\/2025\/09\/traeningstider-esport.jpg\" alt=\"\" class=\"wp-image-596\"\/><\/figure>\n\n\n\n<p>Kjellerup Esport startede i september 2023 i Arena Midt med stor opbakning.<\/p>\n\n\n\n<p>Hold p\u00e5 mus og tastatur for nu skal I se&#8230; KES tilbyder dig og dine venner et kammeratligt samv\u00e6r og f\u00e6llesskab gennem gaming og esport. Vi l\u00e6gger stor v\u00e6gt p\u00e5, at der skal v\u00e6re plads til alle, og vi er glade for at kunne tage udfordringen op med unge, der kr\u00e6ver specielle rammer og en hj\u00e6lpende h\u00e5nd. S\u00e5 t\u00f8v ikke med at kontakte os hvis du har sp\u00f8rgsm\u00e5l.<\/p>\n\n\n\n<p>Tilmeld dig dit favorithold nu, ogs\u00e5 midt i s\u00e6sonen.<\/p>\n\n\n\n<p>Klik ind p\u00e5 holdene og join dit favorit game &#8211; der er i \u00f8jeblikket \u00e5bent p\u00e5 alle hold \ud83d\ude42<\/p>\n\n\n\n<div class=\"wp-block-columns is-layout-flex wp-container-core-columns-is-layout-9d6595d7 wp-block-columns-is-layout-flex\">\n<div class=\"wp-block-column is-layout-flow wp-block-column-is-layout-flow\">\n<figure class=\"wp-block-embed is-type-video is-provider-youtube wp-block-embed-youtube wp-embed-aspect-16-9 wp-has-aspect-ratio\"><div class=\"wp-block-embed__wrapper\">\n<iframe loading=\"lazy\" title=\"Esport: Derfor er Danmark blandt de bedste\" width=\"640\" height=\"360\" src=\"https:\/\/www.youtube.com\/embed\/OMMQNYtWg0Y?feature=oembed\" frameborder=\"0\" allow=\"accelerometer; autoplay; clipboard-write; encrypted-media; gyroscope; picture-in-picture; web-share\" referrerpolicy=\"strict-origin-when-cross-origin\" allowfullscreen><\/iframe>\n<\/div><\/figure>\n<\/div>\n\n\n\n<div class=\"wp-block-column is-layout-flow wp-block-column-is-layout-flow\">\n<figure class=\"wp-block-embed is-type-video is-provider-youtube wp-block-embed-youtube wp-embed-aspect-16-9 wp-has-aspect-ratio\"><div class=\"wp-block-embed__wrapper\">\n<iframe loading=\"lazy\" title=\"Esport i foreningen giver t\u00e6ttere sammenhold\" width=\"640\" height=\"360\" src=\"https:\/\/www.youtube.com\/embed\/7WKGRZ_4ptA?feature=oembed\" frameborder=\"0\" allow=\"accelerometer; autoplay; clipboard-write; encrypted-media; gyroscope; picture-in-picture; web-share\" referrerpolicy=\"strict-origin-when-cross-origin\" allowfullscreen><\/iframe>\n<\/div><\/figure>\n<\/div>\n<\/div>\n","protected":false},"excerpt":{"rendered":"<p>S\u00e5 er det igen tid til LAN. Tag alle vennerne med til 24-timers hygge og sjove konkurrencer. L\u00e6s mere p\u00e5 vores info side her: www.kjellerup-esport.dk\/lan Kjellerup Esport startede i september 2023 i Arena Midt med stor opbakning. Hold p\u00e5 mus og tastatur for nu skal I se&#8230; KES tilbyder dig og dine venner et kammeratligt&#8230;<\/p>\n","protected":false},"author":1,"featured_media":350,"parent":0,"menu_order":0,"comment_status":"closed","ping_status":"closed","template":"","meta":{"footnotes":""},"class_list":["post-12","page","type-page","status-publish","has-post-thumbnail","hentry"],"_links":{"self":[{"href":"http:\/\/www.kjellerup-esport.dk\/index.php\/wp-json\/wp\/v2\/pages\/12","targetHints":{"allow":["GET"]}}],"collection":[{"href":"http:\/\/www.kjellerup-esport.dk\/index.php\/wp-json\/wp\/v2\/pages"}],"about":[{"href":"http:\/\/www.kjellerup-esport.dk\/index.php\/wp-json\/wp\/v2\/types\/page"}],"author":[{"embeddable":true,"href":"http:\/\/www.kjellerup-esport.dk\/index.php\/wp-json\/wp\/v2\/users\/1"}],"replies":[{"embeddable":true,"href":"http:\/\/www.kjellerup-esport.dk\/index.php\/wp-json\/wp\/v2\/comments?post=12"}],"version-history":[{"count":50,"href":"http:\/\/www.kjellerup-esport.dk\/index.php\/wp-json\/wp\/v2\/pages\/12\/revisions"}],"predecessor-version":[{"id":682,"href":"http:\/\/www.kjellerup-esport.dk\/index.php\/wp-json\/wp\/v2\/pages\/12\/revisions\/682"}],"wp:featuredmedia":[{"embeddable":true,"href":"http:\/\/www.kjellerup-esport.dk\/index.php\/wp-json\/wp\/v2\/media\/350"}],"wp:attachment":[{"href":"http:\/\/www.kjellerup-esport.dk\/index.php\/wp-json\/wp\/v2\/media?parent=12"}],"curies":[{"name":"wp","href":"https:\/\/api.w.org\/{rel}","templated":true}]}}