{"id":118,"date":"2023-04-21T09:41:58","date_gmt":"2023-04-21T09:41:58","guid":{"rendered":"http:\/\/www.kjellerup-esport.dk\/?page_id=118"},"modified":"2024-06-14T10:01:57","modified_gmt":"2024-06-14T10:01:57","slug":"bliv-traener","status":"publish","type":"page","link":"http:\/\/www.kjellerup-esport.dk\/index.php\/bliv-traener\/","title":{"rendered":"BLIV TR\u00c6NER"},"content":{"rendered":"\n<p>Kjellerup Esport tilbyder undervisning i s\u00e5 mange forskellige spil som muligt. Vi har hele tiden brug for ambiti\u00f8se tr\u00e6nere til at sikre at vores mange b\u00f8rn og unge f\u00e5r gode udviklingsmuligheder og der kan tilbydes flere hold. Vi har medlemmer fra 5 \u00e5r og op, s\u00e5 du kan starte som hovedtr\u00e6ner allerede fra de er fyldt 15 \u00e5r, og hj\u00e6lpetr\u00e6ner, n\u00e5r du er fyldt 13 \u00e5r.<\/p>\n\n\n\n<p><strong>Kontakt os s\u00e5 tager vi en snak om:<\/strong><\/p>\n\n\n\n<ul class=\"wp-block-list\">\n<li>Hvilket spil kan du tr\u00e6ne?<\/li>\n\n\n\n<li>Hvor mange hold tror du, du ville tr\u00e6ne?<\/li>\n\n\n\n<li>Som udgangspunkt tr\u00e6ner hvert hold \u00e9n gang ugentligt. Er dette ok med dig, eller \u00f8nsker du det anderledes?<\/li>\n\n\n\n<li>Hvor mange timer t\u00e6nker du, et tr\u00e6ningspas skal vare?<\/li>\n\n\n\n<li>Hvilken\/hvilke dage \u00f8nsker du at tr\u00e6ne?<\/li>\n\n\n\n<li>I hvilket tidsrum \u00f8nsker du at tr\u00e6ne?<\/li>\n\n\n\n<li>Hvor mange ud\u00f8vere kan der v\u00e6re p\u00e5 dit\/dine hold?<\/li>\n\n\n\n<li>Hvorn\u00e5r kan du starte?<\/li>\n<\/ul>\n\n\n\n<p>Har du interesse s\u00e5 skriv til info@kjellerup-esport.dk eller ring til os. <\/p>\n","protected":false},"excerpt":{"rendered":"<p>Kjellerup Esport tilbyder undervisning i s\u00e5 mange forskellige spil som muligt. Vi har hele tiden brug for ambiti\u00f8se tr\u00e6nere til at sikre at vores mange b\u00f8rn og unge f\u00e5r gode udviklingsmuligheder og der kan tilbydes flere hold. Vi har medlemmer fra 5 \u00e5r og op, s\u00e5 du kan starte som hovedtr\u00e6ner allerede fra de er&#8230;<\/p>\n","protected":false},"author":1,"featured_media":347,"parent":0,"menu_order":0,"comment_status":"closed","ping_status":"closed","template":"","meta":{"footnotes":""},"class_list":["post-118","page","type-page","status-publish","has-post-thumbnail","hentry"],"_links":{"self":[{"href":"http:\/\/www.kjellerup-esport.dk\/index.php\/wp-json\/wp\/v2\/pages\/118","targetHints":{"allow":["GET"]}}],"collection":[{"href":"http:\/\/www.kjellerup-esport.dk\/index.php\/wp-json\/wp\/v2\/pages"}],"about":[{"href":"http:\/\/www.kjellerup-esport.dk\/index.php\/wp-json\/wp\/v2\/types\/page"}],"author":[{"embeddable":true,"href":"http:\/\/www.kjellerup-esport.dk\/index.php\/wp-json\/wp\/v2\/users\/1"}],"replies":[{"embeddable":true,"href":"http:\/\/www.kjellerup-esport.dk\/index.php\/wp-json\/wp\/v2\/comments?post=118"}],"version-history":[{"count":9,"href":"http:\/\/www.kjellerup-esport.dk\/index.php\/wp-json\/wp\/v2\/pages\/118\/revisions"}],"predecessor-version":[{"id":518,"href":"http:\/\/www.kjellerup-esport.dk\/index.php\/wp-json\/wp\/v2\/pages\/118\/revisions\/518"}],"wp:featuredmedia":[{"embeddable":true,"href":"http:\/\/www.kjellerup-esport.dk\/index.php\/wp-json\/wp\/v2\/media\/347"}],"wp:attachment":[{"href":"http:\/\/www.kjellerup-esport.dk\/index.php\/wp-json\/wp\/v2\/media?parent=118"}],"curies":[{"name":"wp","href":"https:\/\/api.w.org\/{rel}","templated":true}]}}